{"id":105,"date":"2014-01-07T12:08:38","date_gmt":"2014-01-07T11:08:38","guid":{"rendered":"http:\/\/mediterraneorestaurante.es\/?page_id=105"},"modified":"2016-04-04T20:09:31","modified_gmt":"2016-04-04T19:09:31","slug":"entrants","status":"publish","type":"page","link":"https:\/\/mediterraneorestaurante.es\/es\/menjars\/entrants\/","title":{"rendered":"Entrantes"},"content":{"rendered":"<script type=\"text\/javascript\">\r\n\tjQuery( document ).ready(function( jQuery ) {\r\n\t\tjQuery( '#example3_495' ).sliderPro({\r\n\t\t\t\/\/width\r\n\t\t\t\t\t\twidth: 1000,\r\n\t\t\t\t\t\t\r\n\t\t\t\/\/height\r\n\t\t\t\t\t\theight: 500,\r\n\t\t\t\t\t\t\r\n\t\t\t\/\/autoplay\r\n\t\t\t\t\t\t\t\t\tautoplay: true,\r\n\t\t\tautoplayOnHover: 'pause',\r\n\t\t\t\t\t\t\t\t\tautoplayDelay: 5000,\r\n\t\t\t\r\n\t\t\t\r\n\t\t\tarrows: true,\r\n\t\t\tbuttons: true,\r\n\t\t\tsmallSize: 500,\r\n\t\t\tmediumSize: 1000,\r\n\t\t\tlargeSize: 3000,\r\n\t\t\tfade: false,\r\n\t\t\t\r\n\t\t\t\/\/thumbnail\r\n\t\t\tthumbnailArrows: true,\r\n\t\t\tthumbnailWidth: 80,\r\n\t\t\tthumbnailHeight: 70,\r\n\t\t\t\t\t\t\t\t\tthumbnailsPosition: 'bottom',\r\n\t\t\t\t\t\t\t\t\tcenterImage: true,\r\n\t\t\tallowScaleUp: true,\r\n\t\t\t\t\t\tstartSlide: 0,\r\n\t\t\tloop: true,\r\n\t\t\tslideDistance: 5,\r\n\t\t\tautoplayDirection: 'normal',\r\n\t\t\ttouchSwipe: true,\r\n\t\t\tfullScreen: true,\r\n\t\t});\r\n\t});\r\n<\/script>\r\n<style>\r\n\/* Example 3 *\/\r\n\r\n\/* border *\/\r\n#example3_495 .sp-selected-thumbnail {\r\n\tborder: 4px solid #000000;\r\n}\r\n\r\n\/* font + color *\/\r\n.title-in  {\r\n\tfont-family: Arial !important;\r\n\tcolor: #000000 !important;\r\n\tbackground-color: #FFFFFF !important;\r\n\topacity: 0.7 !important;\r\n}\r\n.desc-in  {\r\n\tfont-family: Arial !important;\r\n\tcolor: #FFFFFF !important;\r\n\tbackground-color: #000000 !important;\r\n\topacity: 0.7 !important;\r\n}\r\n\r\n\/* bullets color *\/\r\n.sp-button  {\r\n\tborder: 2px solid #000000 !important;\r\n}\r\n.sp-selected-button  {\r\n\tbackground-color: #000000 !important;\r\n}\r\n\r\n\/* pointer color - bottom *\/\r\n.sp-selected-thumbnail::before {\r\n\tborder-bottom: 5px solid #000000 !important;\r\n}\r\n.sp-selected-thumbnail::after {\r\n\tborder-bottom: 13px solid #000000 !important;\r\n}\r\n\r\n\/* pointer color - top *\/\r\n\r\n\r\n\/* full screen icon *\/\r\n.sp-full-screen-button::before {\r\n    color: #FFFFFF !important;\r\n}\r\n\r\n\/* hover navigation icon color *\/\r\n.sp-next-arrow::after, .sp-next-arrow::before {\r\n\tbackground-color: #FFFFFF !important;\r\n}\r\n.sp-previous-arrow::after, .sp-previous-arrow::before {\r\n\tbackground-color: #FFFFFF !important;\r\n}\r\n\r\n\r\n#example3_495 .title-in {\r\n\tcolor:  !important;\r\n\tfont-weight: bolder;\r\n\ttext-align: center;\r\n}\r\n\r\n#example3_495 .title-in-bg {\r\n\tbackground: rgba(255, 255, 255, 0.7); !important;\r\n\twhite-space: unset !important;\r\n\tmax-width: 90%;\r\n\tmin-width: 40%;\r\n\ttransform: initial !important;\r\n\t-webkit-transform: initial !important;\r\n\tfont-size: 14px !important;\r\n}\r\n\r\n#example3_495 .desc-in {\r\n\tcolor:  !important;\r\n\ttext-align: center;\r\n}\r\n#example3_495 .desc-in-bg {\r\n\tbackground: rgba(, ) !important;\r\n\twhite-space: unset !important;\r\n\twidth: 80% !important;\r\n\tmin-width: 30%;\r\n\ttransform: initial !important;\r\n\t-webkit-transform: initial !important;\r\n\tfont-size: 13px !important;\r\n}\r\n\r\n@media (max-width: 640px) {\r\n\t#example3_495 .hide-small-screen {\r\n\t\tdisplay: none;\r\n\t}\r\n}\r\n\r\n@media (max-width: 860px) {\r\n\t#example3_495 .sp-layer {\r\n\t\tfont-size: 18px;\r\n\t}\r\n\t\r\n\t#example3_495 .hide-medium-screen {\r\n\t\tdisplay: none;\r\n\t}\r\n}\r\n\/* Custom CSS *\/\r\n.sp-layer { box-sizing: border-box; margin: 0; position: relative; }<\/style>\r\n<div id=\"example3_495\" class=\"slider-pro\">\r\n\t<!---- slides div start ---->\r\n\t<div class=\"sp-slides\">\r\n\t\t\t\t<div class=\"sp-slide\">\r\n\t\t\t<img decoding=\"async\" class=\"sp-image\" alt=\"Braves\" src=\"\" \r\n\t\t\t\tdata-src=\"http:\/\/mediterraneorestaurante.es\/wp-content\/uploads\/2014\/02\/EntrantsBRAVES.jpg\"\r\n\t\t\t\tdata-small=\"http:\/\/mediterraneorestaurante.es\/wp-content\/uploads\/2014\/02\/EntrantsBRAVES.jpg\"\r\n\t\t\t\tdata-medium=\"http:\/\/mediterraneorestaurante.es\/wp-content\/uploads\/2014\/02\/EntrantsBRAVES.jpg\"\r\n\t\t\t\tdata-large=\"http:\/\/mediterraneorestaurante.es\/wp-content\/uploads\/2014\/02\/EntrantsBRAVES.jpg\"\r\n\t\t\t\tdata-retina=\"http:\/\/mediterraneorestaurante.es\/wp-content\/uploads\/2014\/02\/EntrantsBRAVES.jpg\" \/>\r\n\r\n\t\t\t\t\t\t<p class=\"sp-layer sp-white sp-padding title-in title-in-bg hide-small-screen\" \r\n\t\t\t\tdata-position=\"centerCenter\"\r\n\t\t\t\tdata-vertical=\"-14%\"\r\n\t\t\t\tdata-show-transition=\"left\" data-show-delay=\"500\">\r\n\t\t\t\tBraves\t\t\t<\/p>\r\n\t\t\t\r\n\t\t\t\t\t<\/div>\r\n\t\t\t\t<div class=\"sp-slide\">\r\n\t\t\t<img decoding=\"async\" class=\"sp-image\" alt=\"Calamars a la romana\" src=\"\" \r\n\t\t\t\tdata-src=\"http:\/\/mediterraneorestaurante.es\/wp-content\/uploads\/2014\/02\/EntrantsCalamarsRomana.jpg\"\r\n\t\t\t\tdata-small=\"http:\/\/mediterraneorestaurante.es\/wp-content\/uploads\/2014\/02\/EntrantsCalamarsRomana.jpg\"\r\n\t\t\t\tdata-medium=\"http:\/\/mediterraneorestaurante.es\/wp-content\/uploads\/2014\/02\/EntrantsCalamarsRomana.jpg\"\r\n\t\t\t\tdata-large=\"http:\/\/mediterraneorestaurante.es\/wp-content\/uploads\/2014\/02\/EntrantsCalamarsRomana.jpg\"\r\n\t\t\t\tdata-retina=\"http:\/\/mediterraneorestaurante.es\/wp-content\/uploads\/2014\/02\/EntrantsCalamarsRomana.jpg\" \/>\r\n\r\n\t\t\t\t\t\t<p class=\"sp-layer sp-white sp-padding title-in title-in-bg hide-small-screen\" \r\n\t\t\t\tdata-position=\"centerCenter\"\r\n\t\t\t\tdata-vertical=\"-14%\"\r\n\t\t\t\tdata-show-transition=\"left\" data-show-delay=\"500\">\r\n\t\t\t\tCalamars a la romana\t\t\t<\/p>\r\n\t\t\t\r\n\t\t\t\t\t<\/div>\r\n\t\t\t\t<div class=\"sp-slide\">\r\n\t\t\t<img decoding=\"async\" class=\"sp-image\" alt=\"Cebollada de gambes\" src=\"\" \r\n\t\t\t\tdata-src=\"http:\/\/mediterraneorestaurante.es\/wp-content\/uploads\/2014\/02\/EntrantsCEBOLLADAGAMBES2.jpg\"\r\n\t\t\t\tdata-small=\"http:\/\/mediterraneorestaurante.es\/wp-content\/uploads\/2014\/02\/EntrantsCEBOLLADAGAMBES2.jpg\"\r\n\t\t\t\tdata-medium=\"http:\/\/mediterraneorestaurante.es\/wp-content\/uploads\/2014\/02\/EntrantsCEBOLLADAGAMBES2.jpg\"\r\n\t\t\t\tdata-large=\"http:\/\/mediterraneorestaurante.es\/wp-content\/uploads\/2014\/02\/EntrantsCEBOLLADAGAMBES2.jpg\"\r\n\t\t\t\tdata-retina=\"http:\/\/mediterraneorestaurante.es\/wp-content\/uploads\/2014\/02\/EntrantsCEBOLLADAGAMBES2.jpg\" \/>\r\n\r\n\t\t\t\t\t\t<p class=\"sp-layer sp-white sp-padding title-in title-in-bg hide-small-screen\" \r\n\t\t\t\tdata-position=\"centerCenter\"\r\n\t\t\t\tdata-vertical=\"-14%\"\r\n\t\t\t\tdata-show-transition=\"left\" data-show-delay=\"500\">\r\n\t\t\t\tCebollada de gambes\t\t\t<\/p>\r\n\t\t\t\r\n\t\t\t\t\t<\/div>\r\n\t\t\t\t<div class=\"sp-slide\">\r\n\t\t\t<img decoding=\"async\" class=\"sp-image\" alt=\"Clotxines\" src=\"\" \r\n\t\t\t\tdata-src=\"http:\/\/mediterraneorestaurante.es\/wp-content\/uploads\/2014\/02\/EntrantsCLOTXINES.jpg\"\r\n\t\t\t\tdata-small=\"http:\/\/mediterraneorestaurante.es\/wp-content\/uploads\/2014\/02\/EntrantsCLOTXINES.jpg\"\r\n\t\t\t\tdata-medium=\"http:\/\/mediterraneorestaurante.es\/wp-content\/uploads\/2014\/02\/EntrantsCLOTXINES.jpg\"\r\n\t\t\t\tdata-large=\"http:\/\/mediterraneorestaurante.es\/wp-content\/uploads\/2014\/02\/EntrantsCLOTXINES.jpg\"\r\n\t\t\t\tdata-retina=\"http:\/\/mediterraneorestaurante.es\/wp-content\/uploads\/2014\/02\/EntrantsCLOTXINES.jpg\" \/>\r\n\r\n\t\t\t\t\t\t<p class=\"sp-layer sp-white sp-padding title-in title-in-bg hide-small-screen\" \r\n\t\t\t\tdata-position=\"centerCenter\"\r\n\t\t\t\tdata-vertical=\"-14%\"\r\n\t\t\t\tdata-show-transition=\"left\" data-show-delay=\"500\">\r\n\t\t\t\tClotxines\t\t\t<\/p>\r\n\t\t\t\r\n\t\t\t\t\t<\/div>\r\n\t\t\t\t<div class=\"sp-slide\">\r\n\t\t\t<img decoding=\"async\" class=\"sp-image\" alt=\"Amanida de la casa\" src=\"\" \r\n\t\t\t\tdata-src=\"http:\/\/mediterraneorestaurante.es\/wp-content\/uploads\/2014\/02\/EntrantsENSALADACASA4.jpg\"\r\n\t\t\t\tdata-small=\"http:\/\/mediterraneorestaurante.es\/wp-content\/uploads\/2014\/02\/EntrantsENSALADACASA4.jpg\"\r\n\t\t\t\tdata-medium=\"http:\/\/mediterraneorestaurante.es\/wp-content\/uploads\/2014\/02\/EntrantsENSALADACASA4.jpg\"\r\n\t\t\t\tdata-large=\"http:\/\/mediterraneorestaurante.es\/wp-content\/uploads\/2014\/02\/EntrantsENSALADACASA4.jpg\"\r\n\t\t\t\tdata-retina=\"http:\/\/mediterraneorestaurante.es\/wp-content\/uploads\/2014\/02\/EntrantsENSALADACASA4.jpg\" \/>\r\n\r\n\t\t\t\t\t\t<p class=\"sp-layer sp-white sp-padding title-in title-in-bg hide-small-screen\" \r\n\t\t\t\tdata-position=\"centerCenter\"\r\n\t\t\t\tdata-vertical=\"-14%\"\r\n\t\t\t\tdata-show-transition=\"left\" data-show-delay=\"500\">\r\n\t\t\t\tAmanida de la casa\t\t\t<\/p>\r\n\t\t\t\r\n\t\t\t\t\t<\/div>\r\n\t\t\t\t<div class=\"sp-slide\">\r\n\t\t\t<img decoding=\"async\" class=\"sp-image\" alt=\"Cogolls de brie i marisc\" src=\"\" \r\n\t\t\t\tdata-src=\"http:\/\/mediterraneorestaurante.es\/wp-content\/uploads\/2014\/02\/EntrantsCogollosBRIEMarisc.jpg\"\r\n\t\t\t\tdata-small=\"http:\/\/mediterraneorestaurante.es\/wp-content\/uploads\/2014\/02\/EntrantsCogollosBRIEMarisc.jpg\"\r\n\t\t\t\tdata-medium=\"http:\/\/mediterraneorestaurante.es\/wp-content\/uploads\/2014\/02\/EntrantsCogollosBRIEMarisc.jpg\"\r\n\t\t\t\tdata-large=\"http:\/\/mediterraneorestaurante.es\/wp-content\/uploads\/2014\/02\/EntrantsCogollosBRIEMarisc.jpg\"\r\n\t\t\t\tdata-retina=\"http:\/\/mediterraneorestaurante.es\/wp-content\/uploads\/2014\/02\/EntrantsCogollosBRIEMarisc.jpg\" \/>\r\n\r\n\t\t\t\t\t\t<p class=\"sp-layer sp-white sp-padding title-in title-in-bg hide-small-screen\" \r\n\t\t\t\tdata-position=\"centerCenter\"\r\n\t\t\t\tdata-vertical=\"-14%\"\r\n\t\t\t\tdata-show-transition=\"left\" data-show-delay=\"500\">\r\n\t\t\t\tCogolls de brie i marisc\t\t\t<\/p>\r\n\t\t\t\r\n\t\t\t\t\t<\/div>\r\n\t\t\t\t<div class=\"sp-slide\">\r\n\t\t\t<img decoding=\"async\" class=\"sp-image\" alt=\"Mandonguilles d&#039;abadejo\" src=\"\" \r\n\t\t\t\tdata-src=\"http:\/\/mediterraneorestaurante.es\/wp-content\/uploads\/2014\/02\/EntrantsCROQUETESALB\u00d3NDIGUESBACALL\u00c04.jpg\"\r\n\t\t\t\tdata-small=\"http:\/\/mediterraneorestaurante.es\/wp-content\/uploads\/2014\/02\/EntrantsCROQUETESALB\u00d3NDIGUESBACALL\u00c04.jpg\"\r\n\t\t\t\tdata-medium=\"http:\/\/mediterraneorestaurante.es\/wp-content\/uploads\/2014\/02\/EntrantsCROQUETESALB\u00d3NDIGUESBACALL\u00c04.jpg\"\r\n\t\t\t\tdata-large=\"http:\/\/mediterraneorestaurante.es\/wp-content\/uploads\/2014\/02\/EntrantsCROQUETESALB\u00d3NDIGUESBACALL\u00c04.jpg\"\r\n\t\t\t\tdata-retina=\"http:\/\/mediterraneorestaurante.es\/wp-content\/uploads\/2014\/02\/EntrantsCROQUETESALB\u00d3NDIGUESBACALL\u00c04.jpg\" \/>\r\n\r\n\t\t\t\t\t\t<p class=\"sp-layer sp-white sp-padding title-in title-in-bg hide-small-screen\" \r\n\t\t\t\tdata-position=\"centerCenter\"\r\n\t\t\t\tdata-vertical=\"-14%\"\r\n\t\t\t\tdata-show-transition=\"left\" data-show-delay=\"500\">\r\n\t\t\t\tMandonguilles d&#039;abadejo\t\t\t<\/p>\r\n\t\t\t\r\n\t\t\t\t\t<\/div>\r\n\t\t\t\t<div class=\"sp-slide\">\r\n\t\t\t<img decoding=\"async\" class=\"sp-image\" alt=\"Peix fregit\" src=\"\" \r\n\t\t\t\tdata-src=\"http:\/\/mediterraneorestaurante.es\/wp-content\/uploads\/2014\/02\/EntrantsPeixFregit.jpg\"\r\n\t\t\t\tdata-small=\"http:\/\/mediterraneorestaurante.es\/wp-content\/uploads\/2014\/02\/EntrantsPeixFregit.jpg\"\r\n\t\t\t\tdata-medium=\"http:\/\/mediterraneorestaurante.es\/wp-content\/uploads\/2014\/02\/EntrantsPeixFregit.jpg\"\r\n\t\t\t\tdata-large=\"http:\/\/mediterraneorestaurante.es\/wp-content\/uploads\/2014\/02\/EntrantsPeixFregit.jpg\"\r\n\t\t\t\tdata-retina=\"http:\/\/mediterraneorestaurante.es\/wp-content\/uploads\/2014\/02\/EntrantsPeixFregit.jpg\" \/>\r\n\r\n\t\t\t\t\t\t<p class=\"sp-layer sp-white sp-padding title-in title-in-bg hide-small-screen\" \r\n\t\t\t\tdata-position=\"centerCenter\"\r\n\t\t\t\tdata-vertical=\"-14%\"\r\n\t\t\t\tdata-show-transition=\"left\" data-show-delay=\"500\">\r\n\t\t\t\tPeix fregit\t\t\t<\/p>\r\n\t\t\t\r\n\t\t\t\t\t<\/div>\r\n\t\t\t\t<div class=\"sp-slide\">\r\n\t\t\t<img decoding=\"async\" class=\"sp-image\" alt=\"Blanquet\" src=\"\" \r\n\t\t\t\tdata-src=\"http:\/\/mediterraneorestaurante.es\/wp-content\/uploads\/2014\/02\/EntrantsBLANQUET2.jpg\"\r\n\t\t\t\tdata-small=\"http:\/\/mediterraneorestaurante.es\/wp-content\/uploads\/2014\/02\/EntrantsBLANQUET2.jpg\"\r\n\t\t\t\tdata-medium=\"http:\/\/mediterraneorestaurante.es\/wp-content\/uploads\/2014\/02\/EntrantsBLANQUET2.jpg\"\r\n\t\t\t\tdata-large=\"http:\/\/mediterraneorestaurante.es\/wp-content\/uploads\/2014\/02\/EntrantsBLANQUET2.jpg\"\r\n\t\t\t\tdata-retina=\"http:\/\/mediterraneorestaurante.es\/wp-content\/uploads\/2014\/02\/EntrantsBLANQUET2.jpg\" \/>\r\n\r\n\t\t\t\t\t\t<p class=\"sp-layer sp-white sp-padding title-in title-in-bg hide-small-screen\" \r\n\t\t\t\tdata-position=\"centerCenter\"\r\n\t\t\t\tdata-vertical=\"-14%\"\r\n\t\t\t\tdata-show-transition=\"left\" data-show-delay=\"500\">\r\n\t\t\t\tBlanquet\t\t\t<\/p>\r\n\t\t\t\r\n\t\t\t\t\t<\/div>\r\n\t\t\t\t<div class=\"sp-slide\">\r\n\t\t\t<img decoding=\"async\" class=\"sp-image\" alt=\"Amanida de formatge de cabra\" src=\"\" \r\n\t\t\t\tdata-src=\"http:\/\/mediterraneorestaurante.es\/wp-content\/uploads\/2014\/02\/EntrantsENSALADAQUESOCABRA2.jpg\"\r\n\t\t\t\tdata-small=\"http:\/\/mediterraneorestaurante.es\/wp-content\/uploads\/2014\/02\/EntrantsENSALADAQUESOCABRA2.jpg\"\r\n\t\t\t\tdata-medium=\"http:\/\/mediterraneorestaurante.es\/wp-content\/uploads\/2014\/02\/EntrantsENSALADAQUESOCABRA2.jpg\"\r\n\t\t\t\tdata-large=\"http:\/\/mediterraneorestaurante.es\/wp-content\/uploads\/2014\/02\/EntrantsENSALADAQUESOCABRA2.jpg\"\r\n\t\t\t\tdata-retina=\"http:\/\/mediterraneorestaurante.es\/wp-content\/uploads\/2014\/02\/EntrantsENSALADAQUESOCABRA2.jpg\" \/>\r\n\r\n\t\t\t\t\t\t<p class=\"sp-layer sp-white sp-padding title-in title-in-bg hide-small-screen\" \r\n\t\t\t\tdata-position=\"centerCenter\"\r\n\t\t\t\tdata-vertical=\"-14%\"\r\n\t\t\t\tdata-show-transition=\"left\" data-show-delay=\"500\">\r\n\t\t\t\tAmanida de formatge de cabra\t\t\t<\/p>\r\n\t\t\t\r\n\t\t\t\t\t<\/div>\r\n\t\t\t\t<div class=\"sp-slide\">\r\n\t\t\t<img decoding=\"async\" class=\"sp-image\" alt=\"Puntilla\" src=\"\" \r\n\t\t\t\tdata-src=\"http:\/\/mediterraneorestaurante.es\/wp-content\/uploads\/2014\/02\/EntrantsPUNTILA.jpg\"\r\n\t\t\t\tdata-small=\"http:\/\/mediterraneorestaurante.es\/wp-content\/uploads\/2014\/02\/EntrantsPUNTILA.jpg\"\r\n\t\t\t\tdata-medium=\"http:\/\/mediterraneorestaurante.es\/wp-content\/uploads\/2014\/02\/EntrantsPUNTILA.jpg\"\r\n\t\t\t\tdata-large=\"http:\/\/mediterraneorestaurante.es\/wp-content\/uploads\/2014\/02\/EntrantsPUNTILA.jpg\"\r\n\t\t\t\tdata-retina=\"http:\/\/mediterraneorestaurante.es\/wp-content\/uploads\/2014\/02\/EntrantsPUNTILA.jpg\" \/>\r\n\r\n\t\t\t\t\t\t<p class=\"sp-layer sp-white sp-padding title-in title-in-bg hide-small-screen\" \r\n\t\t\t\tdata-position=\"centerCenter\"\r\n\t\t\t\tdata-vertical=\"-14%\"\r\n\t\t\t\tdata-show-transition=\"left\" data-show-delay=\"500\">\r\n\t\t\t\tPuntilla\t\t\t<\/p>\r\n\t\t\t\r\n\t\t\t\t\t<\/div>\r\n\t\t\t\t<div class=\"sp-slide\">\r\n\t\t\t<img decoding=\"async\" class=\"sp-image\" alt=\"Sepionet\" src=\"\" \r\n\t\t\t\tdata-src=\"http:\/\/mediterraneorestaurante.es\/wp-content\/uploads\/2014\/02\/EntrantsSepionet2.jpg\"\r\n\t\t\t\tdata-small=\"http:\/\/mediterraneorestaurante.es\/wp-content\/uploads\/2014\/02\/EntrantsSepionet2.jpg\"\r\n\t\t\t\tdata-medium=\"http:\/\/mediterraneorestaurante.es\/wp-content\/uploads\/2014\/02\/EntrantsSepionet2.jpg\"\r\n\t\t\t\tdata-large=\"http:\/\/mediterraneorestaurante.es\/wp-content\/uploads\/2014\/02\/EntrantsSepionet2.jpg\"\r\n\t\t\t\tdata-retina=\"http:\/\/mediterraneorestaurante.es\/wp-content\/uploads\/2014\/02\/EntrantsSepionet2.jpg\" \/>\r\n\r\n\t\t\t\t\t\t<p class=\"sp-layer sp-white sp-padding title-in title-in-bg hide-small-screen\" \r\n\t\t\t\tdata-position=\"centerCenter\"\r\n\t\t\t\tdata-vertical=\"-14%\"\r\n\t\t\t\tdata-show-transition=\"left\" data-show-delay=\"500\">\r\n\t\t\t\tSepionet\t\t\t<\/p>\r\n\t\t\t\r\n\t\t\t\t\t<\/div>\r\n\t\t\t\t<div class=\"sp-slide\">\r\n\t\t\t<img decoding=\"async\" class=\"sp-image\" alt=\"Titania\" src=\"\" \r\n\t\t\t\tdata-src=\"http:\/\/mediterraneorestaurante.es\/wp-content\/uploads\/2014\/02\/EntrantsTITAINA2.jpg\"\r\n\t\t\t\tdata-small=\"http:\/\/mediterraneorestaurante.es\/wp-content\/uploads\/2014\/02\/EntrantsTITAINA2.jpg\"\r\n\t\t\t\tdata-medium=\"http:\/\/mediterraneorestaurante.es\/wp-content\/uploads\/2014\/02\/EntrantsTITAINA2.jpg\"\r\n\t\t\t\tdata-large=\"http:\/\/mediterraneorestaurante.es\/wp-content\/uploads\/2014\/02\/EntrantsTITAINA2.jpg\"\r\n\t\t\t\tdata-retina=\"http:\/\/mediterraneorestaurante.es\/wp-content\/uploads\/2014\/02\/EntrantsTITAINA2.jpg\" \/>\r\n\r\n\t\t\t\t\t\t<p class=\"sp-layer sp-white sp-padding title-in title-in-bg hide-small-screen\" \r\n\t\t\t\tdata-position=\"centerCenter\"\r\n\t\t\t\tdata-vertical=\"-14%\"\r\n\t\t\t\tdata-show-transition=\"left\" data-show-delay=\"500\">\r\n\t\t\t\tTitania\t\t\t<\/p>\r\n\t\t\t\r\n\t\t\t\t\t<\/div>\r\n\t\t\t\t<div class=\"sp-slide\">\r\n\t\t\t<img decoding=\"async\" class=\"sp-image\" alt=\"Esgarradet\" src=\"\" \r\n\t\t\t\tdata-src=\"http:\/\/mediterraneorestaurante.es\/wp-content\/uploads\/2014\/02\/EntrantsEsgarraet1.jpg\"\r\n\t\t\t\tdata-small=\"http:\/\/mediterraneorestaurante.es\/wp-content\/uploads\/2014\/02\/EntrantsEsgarraet1.jpg\"\r\n\t\t\t\tdata-medium=\"http:\/\/mediterraneorestaurante.es\/wp-content\/uploads\/2014\/02\/EntrantsEsgarraet1.jpg\"\r\n\t\t\t\tdata-large=\"http:\/\/mediterraneorestaurante.es\/wp-content\/uploads\/2014\/02\/EntrantsEsgarraet1.jpg\"\r\n\t\t\t\tdata-retina=\"http:\/\/mediterraneorestaurante.es\/wp-content\/uploads\/2014\/02\/EntrantsEsgarraet1.jpg\" \/>\r\n\r\n\t\t\t\t\t\t<p class=\"sp-layer sp-white sp-padding title-in title-in-bg hide-small-screen\" \r\n\t\t\t\tdata-position=\"centerCenter\"\r\n\t\t\t\tdata-vertical=\"-14%\"\r\n\t\t\t\tdata-show-transition=\"left\" data-show-delay=\"500\">\r\n\t\t\t\tEsgarradet\t\t\t<\/p>\r\n\t\t\t\r\n\t\t\t\t\t<\/div>\r\n\t\t\t\t<div class=\"sp-slide\">\r\n\t\t\t<img decoding=\"async\" class=\"sp-image\" alt=\"Tellines\" src=\"\" \r\n\t\t\t\tdata-src=\"http:\/\/mediterraneorestaurante.es\/wp-content\/uploads\/2014\/02\/EntrantsTellines1.jpg\"\r\n\t\t\t\tdata-small=\"http:\/\/mediterraneorestaurante.es\/wp-content\/uploads\/2014\/02\/EntrantsTellines1.jpg\"\r\n\t\t\t\tdata-medium=\"http:\/\/mediterraneorestaurante.es\/wp-content\/uploads\/2014\/02\/EntrantsTellines1.jpg\"\r\n\t\t\t\tdata-large=\"http:\/\/mediterraneorestaurante.es\/wp-content\/uploads\/2014\/02\/EntrantsTellines1.jpg\"\r\n\t\t\t\tdata-retina=\"http:\/\/mediterraneorestaurante.es\/wp-content\/uploads\/2014\/02\/EntrantsTellines1.jpg\" \/>\r\n\r\n\t\t\t\t\t\t<p class=\"sp-layer sp-white sp-padding title-in title-in-bg hide-small-screen\" \r\n\t\t\t\tdata-position=\"centerCenter\"\r\n\t\t\t\tdata-vertical=\"-14%\"\r\n\t\t\t\tdata-show-transition=\"left\" data-show-delay=\"500\">\r\n\t\t\t\tTellines\t\t\t<\/p>\r\n\t\t\t\r\n\t\t\t\t\t<\/div>\r\n\t\t\t\t<div class=\"sp-slide\">\r\n\t\t\t<img decoding=\"async\" class=\"sp-image\" alt=\"P\u00e0 torrat\" src=\"\" \r\n\t\t\t\tdata-src=\"http:\/\/mediterraneorestaurante.es\/wp-content\/uploads\/2014\/02\/PaTostat1.jpg\"\r\n\t\t\t\tdata-small=\"http:\/\/mediterraneorestaurante.es\/wp-content\/uploads\/2014\/02\/PaTostat1.jpg\"\r\n\t\t\t\tdata-medium=\"http:\/\/mediterraneorestaurante.es\/wp-content\/uploads\/2014\/02\/PaTostat1.jpg\"\r\n\t\t\t\tdata-large=\"http:\/\/mediterraneorestaurante.es\/wp-content\/uploads\/2014\/02\/PaTostat1.jpg\"\r\n\t\t\t\tdata-retina=\"http:\/\/mediterraneorestaurante.es\/wp-content\/uploads\/2014\/02\/PaTostat1.jpg\" \/>\r\n\r\n\t\t\t\t\t\t<p class=\"sp-layer sp-white sp-padding title-in title-in-bg hide-small-screen\" \r\n\t\t\t\tdata-position=\"centerCenter\"\r\n\t\t\t\tdata-vertical=\"-14%\"\r\n\t\t\t\tdata-show-transition=\"left\" data-show-delay=\"500\">\r\n\t\t\t\tP\u00e0 torrat\t\t\t<\/p>\r\n\t\t\t\r\n\t\t\t\t\t<\/div>\r\n\t\t\t\t\r\n\t<\/div>\r\n\t\r\n\t<!---- slides div end ---->\r\n\t\t<!-- slides thumbnails div start -->\r\n\t<div class=\"sp-thumbnails\">\r\n\t\t\t\t\t<img decoding=\"async\" class=\"sp-thumbnail\" src=\"http:\/\/mediterraneorestaurante.es\/wp-content\/uploads\/2014\/02\/EntrantsBRAVES.jpg\"\/>\r\n\t\t\t\t\t<img decoding=\"async\" class=\"sp-thumbnail\" src=\"http:\/\/mediterraneorestaurante.es\/wp-content\/uploads\/2014\/02\/EntrantsCalamarsRomana.jpg\"\/>\r\n\t\t\t\t\t<img decoding=\"async\" class=\"sp-thumbnail\" src=\"http:\/\/mediterraneorestaurante.es\/wp-content\/uploads\/2014\/02\/EntrantsCEBOLLADAGAMBES2.jpg\"\/>\r\n\t\t\t\t\t<img decoding=\"async\" class=\"sp-thumbnail\" src=\"http:\/\/mediterraneorestaurante.es\/wp-content\/uploads\/2014\/02\/EntrantsCLOTXINES.jpg\"\/>\r\n\t\t\t\t\t<img decoding=\"async\" class=\"sp-thumbnail\" src=\"http:\/\/mediterraneorestaurante.es\/wp-content\/uploads\/2014\/02\/EntrantsENSALADACASA4.jpg\"\/>\r\n\t\t\t\t\t<img decoding=\"async\" class=\"sp-thumbnail\" src=\"http:\/\/mediterraneorestaurante.es\/wp-content\/uploads\/2014\/02\/EntrantsCogollosBRIEMarisc.jpg\"\/>\r\n\t\t\t\t\t<img decoding=\"async\" class=\"sp-thumbnail\" src=\"http:\/\/mediterraneorestaurante.es\/wp-content\/uploads\/2014\/02\/EntrantsCROQUETESALB\u00d3NDIGUESBACALL\u00c04.jpg\"\/>\r\n\t\t\t\t\t<img decoding=\"async\" class=\"sp-thumbnail\" src=\"http:\/\/mediterraneorestaurante.es\/wp-content\/uploads\/2014\/02\/EntrantsPeixFregit.jpg\"\/>\r\n\t\t\t\t\t<img decoding=\"async\" class=\"sp-thumbnail\" src=\"http:\/\/mediterraneorestaurante.es\/wp-content\/uploads\/2014\/02\/EntrantsBLANQUET2.jpg\"\/>\r\n\t\t\t\t\t<img decoding=\"async\" class=\"sp-thumbnail\" src=\"http:\/\/mediterraneorestaurante.es\/wp-content\/uploads\/2014\/02\/EntrantsENSALADAQUESOCABRA2.jpg\"\/>\r\n\t\t\t\t\t<img decoding=\"async\" class=\"sp-thumbnail\" src=\"http:\/\/mediterraneorestaurante.es\/wp-content\/uploads\/2014\/02\/EntrantsPUNTILA.jpg\"\/>\r\n\t\t\t\t\t<img decoding=\"async\" class=\"sp-thumbnail\" src=\"http:\/\/mediterraneorestaurante.es\/wp-content\/uploads\/2014\/02\/EntrantsSepionet2.jpg\"\/>\r\n\t\t\t\t\t<img decoding=\"async\" class=\"sp-thumbnail\" src=\"http:\/\/mediterraneorestaurante.es\/wp-content\/uploads\/2014\/02\/EntrantsTITAINA2.jpg\"\/>\r\n\t\t\t\t\t<img decoding=\"async\" class=\"sp-thumbnail\" src=\"http:\/\/mediterraneorestaurante.es\/wp-content\/uploads\/2014\/02\/EntrantsEsgarraet1.jpg\"\/>\r\n\t\t\t\t\t<img decoding=\"async\" class=\"sp-thumbnail\" src=\"http:\/\/mediterraneorestaurante.es\/wp-content\/uploads\/2014\/02\/EntrantsTellines1.jpg\"\/>\r\n\t\t\t\t\t<img decoding=\"async\" class=\"sp-thumbnail\" src=\"http:\/\/mediterraneorestaurante.es\/wp-content\/uploads\/2014\/02\/PaTostat1.jpg\"\/>\r\n\t\t\t<\/div>\r\n\t\t<!-- slides thumbnails div end -->\t\r\n<\/div>\r\n\n<br \/>\nPreparamos los entrantes t\u00edpicos de las playas mediterr\u00e1neas y del Parque Natural de l&#8217;Albufera:<\/p>\n<p>&#8211; L\u2019esgarradet ( preparado con\u00a0 pimiento rojo al horno, bacalao desmigado, aceitunas negras y mojama, todo ello regado con aceite de oliva.<br \/>\n&#8211; Ensalada de queso de rulo de cabra, preparada con hoja de roble, queso de rulo de cabra, nueces, tomates cherry, mermelada de naranja amarga y caramelizado de vinagre de m\u00f3dena.<br \/>\n-Tortitas de blanquet, una especie de croquetas de pez plata (aladroc) enharinadas.<br \/>\n&#8211; Boquer\u00f3n frito.<br \/>\n&#8211; Calamares a la romana<br \/>\n&#8211; Sepionet plancha<br \/>\n&#8211; Patatas Bravas<br \/>\n&#8211; Cogollos con queso brie<br \/>\n&#8211; Cogollos de marisco<br \/>\n&#8211; Titaina, plato preparado con tomate y pimiento frito, pi\u00f1ones y tonyina de sorra (at\u00fan en salmuera)<br \/>\n&#8211; Tellinas y Cl\u00f3xinas<br \/>\n&#8211; Alb\u00f3ndigas de bacalao<br \/>\n&#8211; Chipir\u00f3n con ajos fritos y habas","protected":false},"excerpt":{"rendered":"<p>Preparamos los entrantes t\u00edpicos de las playas mediterr\u00e1neas y del Parque Natural de l&#8217;Albufera: &#8211; L\u2019esgarradet ( preparado con\u00a0 pimiento rojo al horno, bacalao desmigado, aceitunas negras y mojama, todo ello regado con aceite de oliva. &#8211; Ensalada de queso de rulo de cabra, preparada con hoja de roble, queso de rulo de cabra, nueces, [&hellip;]<\/p>\n","protected":false},"author":1,"featured_media":0,"parent":36,"menu_order":0,"comment_status":"open","ping_status":"open","template":"","meta":{"footnotes":""},"_links":{"self":[{"href":"https:\/\/mediterraneorestaurante.es\/es\/wp-json\/wp\/v2\/pages\/105"}],"collection":[{"href":"https:\/\/mediterraneorestaurante.es\/es\/wp-json\/wp\/v2\/pages"}],"about":[{"href":"https:\/\/mediterraneorestaurante.es\/es\/wp-json\/wp\/v2\/types\/page"}],"author":[{"embeddable":true,"href":"https:\/\/mediterraneorestaurante.es\/es\/wp-json\/wp\/v2\/users\/1"}],"replies":[{"embeddable":true,"href":"https:\/\/mediterraneorestaurante.es\/es\/wp-json\/wp\/v2\/comments?post=105"}],"version-history":[{"count":11,"href":"https:\/\/mediterraneorestaurante.es\/es\/wp-json\/wp\/v2\/pages\/105\/revisions"}],"predecessor-version":[{"id":497,"href":"https:\/\/mediterraneorestaurante.es\/es\/wp-json\/wp\/v2\/pages\/105\/revisions\/497"}],"up":[{"embeddable":true,"href":"https:\/\/mediterraneorestaurante.es\/es\/wp-json\/wp\/v2\/pages\/36"}],"wp:attachment":[{"href":"https:\/\/mediterraneorestaurante.es\/es\/wp-json\/wp\/v2\/media?parent=105"}],"curies":[{"name":"wp","href":"https:\/\/api.w.org\/{rel}","templated":true}]}}